{"id":16788,"date":"2020-09-24T09:14:39","date_gmt":"2020-09-24T09:14:39","guid":{"rendered":"https:\/\/www.vegaintro-projekti.com\/pilar-stari\/?page_id=16788"},"modified":"2023-04-12T07:17:12","modified_gmt":"2023-04-12T07:17:12","slug":"izjava-o-pristupacnosti","status":"publish","type":"page","link":"https:\/\/www.vegaintro-projekti.com\/pilar-stari\/izjava-o-pristupacnosti\/","title":{"rendered":"Izjava o pristupa\u010dnosti"},"content":{"rendered":"<p>Institut dru\u0161tvenih znanosti Ivo Pilar nastoji svoje internetske stranice u\u010diniti pristupa\u010dnima u skladu s nacionalnim zakonodavstvom kojim se prenosi Direktiva (EU) 2016\/2102 Europskoga parlamenta i Vije\u0107a (1).<\/p>\n<p>Ova izjava o pristupa\u010dnosti primjenjuje se na na internetske stranice na mre\u017enom mjestu <a href=\"https:\/\/www.vegaintro-projekti.com\/pilar-stari\">www.vegaintro-projekti.com\/pilar-stari<\/a>.<\/p>\n<p><strong>Stupanj uskla\u0111enosti<\/strong><\/p>\n<p>Ove su internetske stranice djelomi\u010dno u skladu sa Zakonom o pristupa\u010dnosti internetskih stranica i programskih rje\u0161enja za pokretne ure\u0111aje tijela javnog sektora te Smjernicama CARNET-a za osiguravanje digitalne pristupa\u010dnosti koje su pregledane i odobrene od nacionalnih krovnih udruga osoba s invaliditetom. Neuskla\u0111enosti su navedene u nastavku.<br \/>\n<strong>Nepristupa\u010dan sadr\u017eaj <\/strong><\/p>\n<p>Sadr\u017eaj naveden u nastavku nepristupa\u010dan je zbog sljede\u0107ih razloga:<\/p>\n<ul>\n<li>pojedine .PDF datoteke nisu u cijelosti nastale izvozom iz izvori\u0161ne datoteke, ve\u0107 skeniranjem tiskanih dokumenata, odnosno nisu pristupa\u010dne jer nisu prikladno pripremljene za \u010dita\u010de ekrana,<\/li>\n<li>web stranica ima odre\u0111eni broj suvi\u0161nih poveznica (redundant links), \u0161to za korisnike tipkovnice i \u010dita\u010da zaslona rezultira dodatnom navigacijom i ponavljanjem.<\/li>\n<\/ul>\n<p><strong>Priprema izjave o pristupa\u010dnosti<\/strong><\/p>\n<p>Ova je izjava sastavljena 22. 9. 2020. godine na temelju Predlo\u0161ka izjave o pristupa\u010dnosti koji je u skladu s Direktivom (EU) 2016\/2102 Europskoga parlamenta i Vije\u0107a o pristupa\u010dnosti internetskih stranica i mobilnih aplikacija tijela javnog sektora, a utvr\u0111en je Provedbenom odlukom komisije EU 2018\/1523 11. listopada 2018.<\/p>\n<p><strong>Za pripremu ove Izjave kori\u0161tene su sljede\u0107e metode:<\/strong><\/p>\n<ul>\n<li>automatizirana provjera pristupa\u010dnosti pomo\u0107u alata WAVE Web Accessibility Evaluation Tool,<\/li>\n<li>vanjska procjena.<\/li>\n<\/ul>\n<p>Izjava je zadnji put preispitana 25.1.2023. godine.<\/p>\n<p>Institut dru\u0161tvenih znanosti Ivo Pilar obvezuje se ukloniti uo\u010dene nepravilnosti i revidirati ovu izjavu do 31.12.2023. godine.<\/p>\n<p><strong>Povratne informacije i podaci za kontakt<\/strong><\/p>\n<p>Ako na internetskim stranicama Instituta dru\u0161tvenih znanosti Ivo Pilar uo\u010dite nesukladnost sa zahtjevima pristupa\u010dnosti koja nije navedena u ovoj Izjavi o pristupa\u010dnosti, mo\u017eete nas o tome obavijestiti kontaktiranjem Slu\u017ebenika za informiranje Instituta dru\u0161tvenih znanosti Ivo Pilar direktno putem e-mail adrese <a href=\"pravna@vegaintro-projekti.com\/pilar-stari\">pravna@vegaintro-projekti.com\/pilar-stari<\/a><strong>.<\/strong> Pri tome navedite sljede\u0107e podatke:<\/p>\n<ul>\n<li>va\u0161e ime i e-mail adresu,<\/li>\n<li>adresu (URL) stranice ili dokumenta koja sadr\u017ei nesukladnost sa zahtjevima pristupa\u010dnosti,<\/li>\n<li>opis uo\u010dene nesukladnosti sa zahtjevima pristupa\u010dnosti.<\/li>\n<\/ul>\n<p>Ili&nbsp; pisanim putem na adresu:<\/p>\n<p>Institut dru\u0161tvenih znanosti Ivo Pilar<br \/>\nMaruli\u0107ev trg 19\/1<br \/>\n10000 Zagreb<\/p>\n<p>Institut dru\u0161tvenih znanosti Ivo Pilar \u0107e na va\u0161u obavijest odgovoriti u roku od 15 dana od dana zaprimanja obavijesti.<\/p>\n<p><strong>Postupak pra\u0107enja provedbe propisa<\/strong><\/p>\n<p>U slu\u010daju nezadovoljavaju\u0107eg odgovora Instituta dru\u0161tvenih znanosti Ivo Pilar na Va\u0161u obavijest o uo\u010denim nesukladnostima ili na Va\u0161 zahtjev za dobivanjem informacija u pristupa\u010dnom obliku, mo\u017eete se obratiti <a href=\"https:\/\/pristupinfo.hr\/\" target=\"_blank\" rel=\"noopener noreferrer\">Povjereniku za informiranje Republike Hrvatske<\/a>.<\/p>\n","protected":false},"excerpt":{"rendered":"<p>Institut dru\u0161tvenih znanosti Ivo Pilar nastoji svoje internetske stranice u\u010diniti pristupa\u010dnima u skladu s nacionalnim zakonodavstvom kojim se prenosi Direktiva (EU) 2016\/2102 Europskoga parlamenta i Vije\u0107a (1). Ova izjava o pristupa\u010dnosti primjenjuje se na na internetske stranice na mre\u017enom mjestu www.vegaintro-projekti.com\/pilar-stari. Stupanj uskla\u0111enosti Ove su internetske stranice djelomi\u010dno u skladu sa Zakonom o pristupa\u010dnosti internetskih&hellip; <a class=\"continue\" href=\"https:\/\/www.vegaintro-projekti.com\/pilar-stari\/izjava-o-pristupacnosti\/\">Pro\u010ditaj vi\u0161e o<span> Izjava o pristupa\u010dnosti<\/span><\/a><\/p>\n","protected":false},"author":371,"featured_media":0,"parent":0,"menu_order":0,"comment_status":"closed","ping_status":"closed","template":"","meta":{"inline_featured_image":false,"ngg_post_thumbnail":0,"footnotes":""},"yoast_head":"<!-- This site is optimized with the Yoast SEO plugin v21.2 - https:\/\/yoast.com\/wordpress\/plugins\/seo\/ -->\n<title>Izjava o pristupa\u010dnosti - Institut dru&scaron;tvenih znanosti Ivo Pilar<\/title>\n<meta name=\"robots\" content=\"noindex, follow, max-snippet:-1, max-image-preview:large, max-video-preview:-1\" \/>\n<meta property=\"og:locale\" content=\"hr_HR\" \/>\n<meta property=\"og:type\" content=\"article\" \/>\n<meta property=\"og:title\" content=\"Izjava o pristupa\u010dnosti - Institut dru&scaron;tvenih znanosti Ivo Pilar\" \/>\n<meta property=\"og:description\" content=\"Institut dru\u0161tvenih znanosti Ivo Pilar nastoji svoje internetske stranice u\u010diniti pristupa\u010dnima u skladu s nacionalnim zakonodavstvom kojim se prenosi Direktiva (EU) 2016\/2102 Europskoga parlamenta i Vije\u0107a (1). Ova izjava o pristupa\u010dnosti primjenjuje se na na internetske stranice na mre\u017enom mjestu www.vegaintro-projekti.com\/pilar-stari. Stupanj uskla\u0111enosti Ove su internetske stranice djelomi\u010dno u skladu sa Zakonom o pristupa\u010dnosti internetskih&hellip; Pro\u010ditaj vi\u0161e o Izjava o pristupa\u010dnosti\" \/>\n<meta property=\"og:url\" content=\"https:\/\/www.vegaintro-projekti.com\/pilar-stari\/izjava-o-pristupacnosti\/\" \/>\n<meta property=\"og:site_name\" content=\"Institut dru&scaron;tvenih znanosti Ivo Pilar\" \/>\n<meta property=\"article:modified_time\" content=\"2023-04-12T07:17:12+00:00\" \/>\n<meta name=\"twitter:card\" content=\"summary_large_image\" \/>\n<meta name=\"twitter:label1\" content=\"Procijenjeno vrijeme \u010ditanja\" \/>\n\t<meta name=\"twitter:data1\" content=\"3 minute\" \/>\n<script type=\"application\/ld+json\" class=\"yoast-schema-graph\">{\"@context\":\"https:\/\/schema.org\",\"@graph\":[{\"@type\":\"WebPage\",\"@id\":\"https:\/\/www.vegaintro-projekti.com\/pilar-stari\/izjava-o-pristupacnosti\/\",\"url\":\"https:\/\/www.vegaintro-projekti.com\/pilar-stari\/izjava-o-pristupacnosti\/\",\"name\":\"Izjava o pristupa\u010dnosti - Institut dru&scaron;tvenih znanosti Ivo Pilar\",\"isPartOf\":{\"@id\":\"https:\/\/www.vegaintro-projekti.com\/pilar-stari\/#website\"},\"datePublished\":\"2020-09-24T09:14:39+00:00\",\"dateModified\":\"2023-04-12T07:17:12+00:00\",\"breadcrumb\":{\"@id\":\"https:\/\/www.vegaintro-projekti.com\/pilar-stari\/izjava-o-pristupacnosti\/#breadcrumb\"},\"inLanguage\":\"hr\",\"potentialAction\":[{\"@type\":\"ReadAction\",\"target\":[\"https:\/\/www.vegaintro-projekti.com\/pilar-stari\/izjava-o-pristupacnosti\/\"]}]},{\"@type\":\"BreadcrumbList\",\"@id\":\"https:\/\/www.vegaintro-projekti.com\/pilar-stari\/izjava-o-pristupacnosti\/#breadcrumb\",\"itemListElement\":[{\"@type\":\"ListItem\",\"position\":1,\"name\":\"Home\",\"item\":\"https:\/\/www.vegaintro-projekti.com\/pilar-stari\/\"},{\"@type\":\"ListItem\",\"position\":2,\"name\":\"Izjava o pristupa\u010dnosti\"}]},{\"@type\":\"WebSite\",\"@id\":\"https:\/\/www.vegaintro-projekti.com\/pilar-stari\/#website\",\"url\":\"https:\/\/www.vegaintro-projekti.com\/pilar-stari\/\",\"name\":\"Institut dru&scaron;tvenih znanosti Ivo Pilar\",\"description\":\"Pilar\",\"potentialAction\":[{\"@type\":\"SearchAction\",\"target\":{\"@type\":\"EntryPoint\",\"urlTemplate\":\"https:\/\/www.vegaintro-projekti.com\/pilar-stari\/?s={search_term_string}\"},\"query-input\":\"required name=search_term_string\"}],\"inLanguage\":\"hr\"}]}<\/script>\n<!-- \/ Yoast SEO plugin. -->","yoast_head_json":{"title":"Izjava o pristupa\u010dnosti - Institut dru&scaron;tvenih znanosti Ivo Pilar","robots":{"index":"noindex","follow":"follow","max-snippet":"max-snippet:-1","max-image-preview":"max-image-preview:large","max-video-preview":"max-video-preview:-1"},"og_locale":"hr_HR","og_type":"article","og_title":"Izjava o pristupa\u010dnosti - Institut dru&scaron;tvenih znanosti Ivo Pilar","og_description":"Institut dru\u0161tvenih znanosti Ivo Pilar nastoji svoje internetske stranice u\u010diniti pristupa\u010dnima u skladu s nacionalnim zakonodavstvom kojim se prenosi Direktiva (EU) 2016\/2102 Europskoga parlamenta i Vije\u0107a (1). Ova izjava o pristupa\u010dnosti primjenjuje se na na internetske stranice na mre\u017enom mjestu www.vegaintro-projekti.com\/pilar-stari. Stupanj uskla\u0111enosti Ove su internetske stranice djelomi\u010dno u skladu sa Zakonom o pristupa\u010dnosti internetskih&hellip; Pro\u010ditaj vi\u0161e o Izjava o pristupa\u010dnosti","og_url":"https:\/\/www.vegaintro-projekti.com\/pilar-stari\/izjava-o-pristupacnosti\/","og_site_name":"Institut dru&scaron;tvenih znanosti Ivo Pilar","article_modified_time":"2023-04-12T07:17:12+00:00","twitter_card":"summary_large_image","twitter_misc":{"Procijenjeno vrijeme \u010ditanja":"3 minute"},"schema":{"@context":"https:\/\/schema.org","@graph":[{"@type":"WebPage","@id":"https:\/\/www.vegaintro-projekti.com\/pilar-stari\/izjava-o-pristupacnosti\/","url":"https:\/\/www.vegaintro-projekti.com\/pilar-stari\/izjava-o-pristupacnosti\/","name":"Izjava o pristupa\u010dnosti - Institut dru&scaron;tvenih znanosti Ivo Pilar","isPartOf":{"@id":"https:\/\/www.vegaintro-projekti.com\/pilar-stari\/#website"},"datePublished":"2020-09-24T09:14:39+00:00","dateModified":"2023-04-12T07:17:12+00:00","breadcrumb":{"@id":"https:\/\/www.vegaintro-projekti.com\/pilar-stari\/izjava-o-pristupacnosti\/#breadcrumb"},"inLanguage":"hr","potentialAction":[{"@type":"ReadAction","target":["https:\/\/www.vegaintro-projekti.com\/pilar-stari\/izjava-o-pristupacnosti\/"]}]},{"@type":"BreadcrumbList","@id":"https:\/\/www.vegaintro-projekti.com\/pilar-stari\/izjava-o-pristupacnosti\/#breadcrumb","itemListElement":[{"@type":"ListItem","position":1,"name":"Home","item":"https:\/\/www.vegaintro-projekti.com\/pilar-stari\/"},{"@type":"ListItem","position":2,"name":"Izjava o pristupa\u010dnosti"}]},{"@type":"WebSite","@id":"https:\/\/www.vegaintro-projekti.com\/pilar-stari\/#website","url":"https:\/\/www.vegaintro-projekti.com\/pilar-stari\/","name":"Institut dru&scaron;tvenih znanosti Ivo Pilar","description":"Pilar","potentialAction":[{"@type":"SearchAction","target":{"@type":"EntryPoint","urlTemplate":"https:\/\/www.vegaintro-projekti.com\/pilar-stari\/?s={search_term_string}"},"query-input":"required name=search_term_string"}],"inLanguage":"hr"}]}},"_links":{"self":[{"href":"https:\/\/www.vegaintro-projekti.com\/pilar-stari\/wp-json\/wp\/v2\/pages\/16788"}],"collection":[{"href":"https:\/\/www.vegaintro-projekti.com\/pilar-stari\/wp-json\/wp\/v2\/pages"}],"about":[{"href":"https:\/\/www.vegaintro-projekti.com\/pilar-stari\/wp-json\/wp\/v2\/types\/page"}],"author":[{"embeddable":true,"href":"https:\/\/www.vegaintro-projekti.com\/pilar-stari\/wp-json\/wp\/v2\/users\/371"}],"replies":[{"embeddable":true,"href":"https:\/\/www.vegaintro-projekti.com\/pilar-stari\/wp-json\/wp\/v2\/comments?post=16788"}],"version-history":[{"count":7,"href":"https:\/\/www.vegaintro-projekti.com\/pilar-stari\/wp-json\/wp\/v2\/pages\/16788\/revisions"}],"predecessor-version":[{"id":25573,"href":"https:\/\/www.vegaintro-projekti.com\/pilar-stari\/wp-json\/wp\/v2\/pages\/16788\/revisions\/25573"}],"wp:attachment":[{"href":"https:\/\/www.vegaintro-projekti.com\/pilar-stari\/wp-json\/wp\/v2\/media?parent=16788"}],"curies":[{"name":"wp","href":"https:\/\/api.w.org\/{rel}","templated":true}]}}