{"id":17409,"date":"2021-01-20T09:30:22","date_gmt":"2021-01-20T09:30:22","guid":{"rendered":"https:\/\/www.vegaintro-projekti.com\/pilar-stari\/?page_id=17409"},"modified":"2025-12-15T15:25:05","modified_gmt":"2025-12-15T15:25:05","slug":"impressum","status":"publish","type":"page","link":"https:\/\/www.vegaintro-projekti.com\/pilar-stari\/impressum\/","title":{"rendered":"Impressum"},"content":{"rendered":"<p><span style=\"font-size: 12pt;\"><strong>INSTITUT DRU\u0160TVENIH ZNANOSTI IVO PILAR<\/strong><br \/>\n<\/span>Maruli\u0107ev trg 19<br \/>\n10000 Zagreb<\/p>\n<p><strong>Za Institut<br \/>\n<\/strong>dr. sc. \u017deljko Holjevac, ravnatelj<\/p>\n<p><strong>Glavni urednik<br \/>\n<\/strong>dr. sc. Dra\u017een \u017divi\u0107, pomo\u0107nik ravnatelja<\/p>\n<p><strong>Izvr\u0161na urednica<br \/>\n<\/strong>Mirjana Pai\u0107 Jurini\u0107, voditeljica nakladni\u010dke slu\u017ebe<\/p>\n<p><strong>Administrator<br \/>\n<\/strong><a href=\"mailto:web@pilar.hr\">web@pilar.hr<\/a><\/p>\n<p><strong>Design &amp; development<br \/>\n<\/strong><a href=\"http:\/\/www.vegaintro.hr\/\" target=\"_blank\" rel=\"noopener noreferrer\">Vega Intro<\/a><\/p>\n<p><strong>E-mail<br \/>\n<\/strong><a href=\"mailto:web@pilar.hr\">web@pilar.hr<\/a><\/p>\n","protected":false},"excerpt":{"rendered":"<p>INSTITUT DRU\u0160TVENIH ZNANOSTI IVO PILAR Maruli\u0107ev trg 19 10000 Zagreb Za Institut dr. sc. \u017deljko Holjevac, ravnatelj Glavni urednik dr. sc. Dra\u017een \u017divi\u0107, pomo\u0107nik ravnatelja Izvr\u0161na urednica Mirjana Pai\u0107 Jurini\u0107, voditeljica nakladni\u010dke slu\u017ebe Administrator web@pilar.hr Design &amp; development Vega Intro E-mail web@pilar.hr<\/p>\n","protected":false},"author":371,"featured_media":0,"parent":0,"menu_order":0,"comment_status":"closed","ping_status":"closed","template":"","meta":{"inline_featured_image":false,"ngg_post_thumbnail":0,"footnotes":""},"yoast_head":"<!-- This site is optimized with the Yoast SEO plugin v21.2 - https:\/\/yoast.com\/wordpress\/plugins\/seo\/ -->\n<title>Impressum - Institut dru&scaron;tvenih znanosti Ivo Pilar<\/title>\n<meta name=\"robots\" content=\"noindex, follow, max-snippet:-1, max-image-preview:large, max-video-preview:-1\" \/>\n<meta property=\"og:locale\" content=\"hr_HR\" \/>\n<meta property=\"og:type\" content=\"article\" \/>\n<meta property=\"og:title\" content=\"Impressum - Institut dru&scaron;tvenih znanosti Ivo Pilar\" \/>\n<meta property=\"og:description\" content=\"INSTITUT DRU\u0160TVENIH ZNANOSTI IVO PILAR Maruli\u0107ev trg 19 10000 Zagreb Za Institut dr. sc. \u017deljko Holjevac, ravnatelj Glavni urednik dr. sc. Dra\u017een \u017divi\u0107, pomo\u0107nik ravnatelja Izvr\u0161na urednica Mirjana Pai\u0107 Jurini\u0107, voditeljica nakladni\u010dke slu\u017ebe Administrator web@pilar.hr Design &amp; development Vega Intro E-mail web@pilar.hr\" \/>\n<meta property=\"og:url\" content=\"https:\/\/www.vegaintro-projekti.com\/pilar-stari\/impressum\/\" \/>\n<meta property=\"og:site_name\" content=\"Institut dru&scaron;tvenih znanosti Ivo Pilar\" \/>\n<meta property=\"article:modified_time\" content=\"2025-12-15T15:25:05+00:00\" \/>\n<meta name=\"twitter:card\" content=\"summary_large_image\" \/>\n<meta name=\"twitter:label1\" content=\"Procijenjeno vrijeme \u010ditanja\" \/>\n\t<meta name=\"twitter:data1\" content=\"1 minuta\" \/>\n<script type=\"application\/ld+json\" class=\"yoast-schema-graph\">{\"@context\":\"https:\/\/schema.org\",\"@graph\":[{\"@type\":\"WebPage\",\"@id\":\"https:\/\/www.vegaintro-projekti.com\/pilar-stari\/impressum\/\",\"url\":\"https:\/\/www.vegaintro-projekti.com\/pilar-stari\/impressum\/\",\"name\":\"Impressum - Institut dru&scaron;tvenih znanosti Ivo Pilar\",\"isPartOf\":{\"@id\":\"https:\/\/www.vegaintro-projekti.com\/pilar-stari\/#website\"},\"datePublished\":\"2021-01-20T09:30:22+00:00\",\"dateModified\":\"2025-12-15T15:25:05+00:00\",\"breadcrumb\":{\"@id\":\"https:\/\/www.vegaintro-projekti.com\/pilar-stari\/impressum\/#breadcrumb\"},\"inLanguage\":\"hr\",\"potentialAction\":[{\"@type\":\"ReadAction\",\"target\":[\"https:\/\/www.vegaintro-projekti.com\/pilar-stari\/impressum\/\"]}]},{\"@type\":\"BreadcrumbList\",\"@id\":\"https:\/\/www.vegaintro-projekti.com\/pilar-stari\/impressum\/#breadcrumb\",\"itemListElement\":[{\"@type\":\"ListItem\",\"position\":1,\"name\":\"Home\",\"item\":\"https:\/\/www.vegaintro-projekti.com\/pilar-stari\/\"},{\"@type\":\"ListItem\",\"position\":2,\"name\":\"Impressum\"}]},{\"@type\":\"WebSite\",\"@id\":\"https:\/\/www.vegaintro-projekti.com\/pilar-stari\/#website\",\"url\":\"https:\/\/www.vegaintro-projekti.com\/pilar-stari\/\",\"name\":\"Institut dru&scaron;tvenih znanosti Ivo Pilar\",\"description\":\"Pilar\",\"potentialAction\":[{\"@type\":\"SearchAction\",\"target\":{\"@type\":\"EntryPoint\",\"urlTemplate\":\"https:\/\/www.vegaintro-projekti.com\/pilar-stari\/?s={search_term_string}\"},\"query-input\":\"required name=search_term_string\"}],\"inLanguage\":\"hr\"}]}<\/script>\n<!-- \/ Yoast SEO plugin. -->","yoast_head_json":{"title":"Impressum - Institut dru&scaron;tvenih znanosti Ivo Pilar","robots":{"index":"noindex","follow":"follow","max-snippet":"max-snippet:-1","max-image-preview":"max-image-preview:large","max-video-preview":"max-video-preview:-1"},"og_locale":"hr_HR","og_type":"article","og_title":"Impressum - Institut dru&scaron;tvenih znanosti Ivo Pilar","og_description":"INSTITUT DRU\u0160TVENIH ZNANOSTI IVO PILAR Maruli\u0107ev trg 19 10000 Zagreb Za Institut dr. sc. \u017deljko Holjevac, ravnatelj Glavni urednik dr. sc. Dra\u017een \u017divi\u0107, pomo\u0107nik ravnatelja Izvr\u0161na urednica Mirjana Pai\u0107 Jurini\u0107, voditeljica nakladni\u010dke slu\u017ebe Administrator web@pilar.hr Design &amp; development Vega Intro E-mail web@pilar.hr","og_url":"https:\/\/www.vegaintro-projekti.com\/pilar-stari\/impressum\/","og_site_name":"Institut dru&scaron;tvenih znanosti Ivo Pilar","article_modified_time":"2025-12-15T15:25:05+00:00","twitter_card":"summary_large_image","twitter_misc":{"Procijenjeno vrijeme \u010ditanja":"1 minuta"},"schema":{"@context":"https:\/\/schema.org","@graph":[{"@type":"WebPage","@id":"https:\/\/www.vegaintro-projekti.com\/pilar-stari\/impressum\/","url":"https:\/\/www.vegaintro-projekti.com\/pilar-stari\/impressum\/","name":"Impressum - Institut dru&scaron;tvenih znanosti Ivo Pilar","isPartOf":{"@id":"https:\/\/www.vegaintro-projekti.com\/pilar-stari\/#website"},"datePublished":"2021-01-20T09:30:22+00:00","dateModified":"2025-12-15T15:25:05+00:00","breadcrumb":{"@id":"https:\/\/www.vegaintro-projekti.com\/pilar-stari\/impressum\/#breadcrumb"},"inLanguage":"hr","potentialAction":[{"@type":"ReadAction","target":["https:\/\/www.vegaintro-projekti.com\/pilar-stari\/impressum\/"]}]},{"@type":"BreadcrumbList","@id":"https:\/\/www.vegaintro-projekti.com\/pilar-stari\/impressum\/#breadcrumb","itemListElement":[{"@type":"ListItem","position":1,"name":"Home","item":"https:\/\/www.vegaintro-projekti.com\/pilar-stari\/"},{"@type":"ListItem","position":2,"name":"Impressum"}]},{"@type":"WebSite","@id":"https:\/\/www.vegaintro-projekti.com\/pilar-stari\/#website","url":"https:\/\/www.vegaintro-projekti.com\/pilar-stari\/","name":"Institut dru&scaron;tvenih znanosti Ivo Pilar","description":"Pilar","potentialAction":[{"@type":"SearchAction","target":{"@type":"EntryPoint","urlTemplate":"https:\/\/www.vegaintro-projekti.com\/pilar-stari\/?s={search_term_string}"},"query-input":"required name=search_term_string"}],"inLanguage":"hr"}]}},"_links":{"self":[{"href":"https:\/\/www.vegaintro-projekti.com\/pilar-stari\/wp-json\/wp\/v2\/pages\/17409"}],"collection":[{"href":"https:\/\/www.vegaintro-projekti.com\/pilar-stari\/wp-json\/wp\/v2\/pages"}],"about":[{"href":"https:\/\/www.vegaintro-projekti.com\/pilar-stari\/wp-json\/wp\/v2\/types\/page"}],"author":[{"embeddable":true,"href":"https:\/\/www.vegaintro-projekti.com\/pilar-stari\/wp-json\/wp\/v2\/users\/371"}],"replies":[{"embeddable":true,"href":"https:\/\/www.vegaintro-projekti.com\/pilar-stari\/wp-json\/wp\/v2\/comments?post=17409"}],"version-history":[{"count":9,"href":"https:\/\/www.vegaintro-projekti.com\/pilar-stari\/wp-json\/wp\/v2\/pages\/17409\/revisions"}],"predecessor-version":[{"id":37026,"href":"https:\/\/www.vegaintro-projekti.com\/pilar-stari\/wp-json\/wp\/v2\/pages\/17409\/revisions\/37026"}],"wp:attachment":[{"href":"https:\/\/www.vegaintro-projekti.com\/pilar-stari\/wp-json\/wp\/v2\/media?parent=17409"}],"curies":[{"name":"wp","href":"https:\/\/api.w.org\/{rel}","templated":true}]}}