{"id":29922,"date":"2024-05-22T07:58:52","date_gmt":"2024-05-22T07:58:52","guid":{"rendered":"https:\/\/www.vegaintro-projekti.com\/pilar-stari\/?page_id=29922"},"modified":"2025-11-19T21:55:54","modified_gmt":"2025-11-19T21:55:54","slug":"objava-placa-i-materijalnih-prava","status":"publish","type":"page","link":"https:\/\/www.vegaintro-projekti.com\/pilar-stari\/objava-placa-i-materijalnih-prava\/","title":{"rendered":"Objava pla\u0107a i materijalnih prava"},"content":{"rendered":"<p><span style=\"font-size: 14pt;\"><strong>Institut dru\u0161tvenih znanosti Ivo Pilar &#8211; isplate sredstava u 2024. i 2025. godini za mjesec:<\/strong><\/span><\/p>\n<p><span style=\"font-size: 14pt;\">2025.<\/span><\/p>\n<p><span style=\"font-size: 14pt;\">&#8211; <a href=\"https:\/\/www.vegaintro-projekti.com\/pilar-stari\/wp-content\/uploads\/2025\/11\/Listopad_2025.xlsx\">listopad<\/a><br \/>\n&#8211; <a href=\"https:\/\/www.vegaintro-projekti.com\/pilar-stari\/wp-content\/uploads\/2025\/10\/Rujan_2025.xlsx\">rujan<\/a><br \/>\n&#8211; <a href=\"https:\/\/www.vegaintro-projekti.com\/pilar-stari\/wp-content\/uploads\/2025\/09\/Kolovoz_2025.xlsx\">kolovoz<\/a><br \/>\n&#8211; <a href=\"https:\/\/www.vegaintro-projekti.com\/pilar-stari\/wp-content\/uploads\/2025\/08\/Srpanj_2025.xlsx\">srpanj<\/a><br \/>\n&#8211; <a href=\"https:\/\/www.vegaintro-projekti.com\/pilar-stari\/wp-content\/uploads\/2025\/07\/Lipanj_2025.xlsx\">lipanj<\/a><br \/>\n&#8211; <a href=\"https:\/\/www.vegaintro-projekti.com\/pilar-stari\/wp-content\/uploads\/2025\/06\/Svibanj_2025.xlsx\">svibanj<\/a><br \/>\n&#8211; <a href=\"https:\/\/www.vegaintro-projekti.com\/pilar-stari\/wp-content\/uploads\/2025\/05\/Travanj_2025.xlsx\">travanj<\/a><br \/>\n&#8211; <a href=\"https:\/\/www.vegaintro-projekti.com\/pilar-stari\/wp-content\/uploads\/2025\/04\/Ozujak_2025.xlsx\">o\u017eujak<\/a><br \/>\n&#8211; <a href=\"https:\/\/www.vegaintro-projekti.com\/pilar-stari\/wp-content\/uploads\/2025\/03\/Veljaca_2025.xlsx\">velja\u010da<\/a><br \/>\n&#8211; <a href=\"https:\/\/www.vegaintro-projekti.com\/pilar-stari\/wp-content\/uploads\/2025\/02\/Sijecanj_2025.xlsx\">sije\u010danj<\/a><\/span><\/p>\n<p><span style=\"font-size: 14pt;\">2024.<\/span><\/p>\n<p><span style=\"font-size: 14pt;\">&#8211; <a href=\"https:\/\/www.vegaintro-projekti.com\/pilar-stari\/wp-content\/uploads\/2025\/01\/Prosinac_2024.xlsx\">prosinac<\/a><br \/>\n&#8211; <a href=\"https:\/\/www.vegaintro-projekti.com\/pilar-stari\/wp-content\/uploads\/2024\/12\/Studeni_2024.xlsx\">studeni<\/a><br \/>\n&#8211; <a href=\"https:\/\/www.vegaintro-projekti.com\/pilar-stari\/wp-content\/uploads\/2024\/11\/10_2024.xlsx\">listopad<\/a><br \/>\n&#8211; <a href=\"https:\/\/www.vegaintro-projekti.com\/pilar-stari\/wp-content\/uploads\/2024\/10\/Rujan_2024.xlsx\">rujan<\/a><br \/>\n&#8211; <a href=\"https:\/\/www.vegaintro-projekti.com\/pilar-stari\/wp-content\/uploads\/2024\/09\/Kolovoz_2024.xlsx\">kolovoz<\/a><br \/>\n&#8211; <a href=\"https:\/\/www.vegaintro-projekti.com\/pilar-stari\/wp-content\/uploads\/2024\/08\/Srpanj_2024.xlsx\">srpanj<\/a><br \/>\n&#8211; <a href=\"https:\/\/www.vegaintro-projekti.com\/pilar-stari\/wp-content\/uploads\/2024\/07\/Lipanj_2024.xlsx\">lipanj<\/a><br \/>\n&#8211; <a href=\"https:\/\/www.vegaintro-projekti.com\/pilar-stari\/wp-content\/uploads\/2024\/06\/Svibanj_2024.xlsx\">svibanj<\/a><br \/>\n&#8211; <a href=\"https:\/\/www.vegaintro-projekti.com\/pilar-stari\/wp-content\/uploads\/2024\/05\/Travanj_2024.xlsx\">travanj<\/a><\/span><br \/>\n<span style=\"font-size: 14pt;\">&#8211; <a href=\"https:\/\/www.vegaintro-projekti.com\/pilar-stari\/wp-content\/uploads\/2024\/05\/Ozujak_2024.xlsx\">o\u017eujak<\/a><\/span><br \/>\n<span style=\"font-size: 14pt;\">&#8211; <a href=\"https:\/\/www.vegaintro-projekti.com\/pilar-stari\/wp-content\/uploads\/2024\/05\/Veljaca_2024.xlsx\">velja\u010da<\/a><\/span><br \/>\n<span style=\"font-size: 14pt;\">&#8211; <a href=\"https:\/\/www.vegaintro-projekti.com\/pilar-stari\/wp-content\/uploads\/2024\/05\/Sijecanj_2024.xlsx\">sije\u010danj<\/a><\/span><\/p>\n","protected":false},"excerpt":{"rendered":"<p>Institut dru\u0161tvenih znanosti Ivo Pilar &#8211; isplate sredstava u 2024. i 2025. godini za mjesec: 2025. &#8211; listopad &#8211; rujan &#8211; kolovoz &#8211; srpanj &#8211; lipanj &#8211; svibanj &#8211; travanj &#8211; o\u017eujak &#8211; velja\u010da &#8211; sije\u010danj 2024. &#8211; prosinac &#8211; studeni &#8211; listopad &#8211; rujan &#8211; kolovoz &#8211; srpanj &#8211; lipanj &#8211; svibanj &#8211; travanj&hellip; <a class=\"continue\" href=\"https:\/\/www.vegaintro-projekti.com\/pilar-stari\/objava-placa-i-materijalnih-prava\/\">Pro\u010ditaj vi\u0161e o<span> Objava pla\u0107a i materijalnih prava<\/span><\/a><\/p>\n","protected":false},"author":371,"featured_media":0,"parent":0,"menu_order":0,"comment_status":"closed","ping_status":"closed","template":"","meta":{"inline_featured_image":false,"ngg_post_thumbnail":0,"footnotes":""},"yoast_head":"<!-- This site is optimized with the Yoast SEO plugin v21.2 - https:\/\/yoast.com\/wordpress\/plugins\/seo\/ -->\n<title>Objava pla\u0107a i materijalnih prava - Institut dru&scaron;tvenih znanosti Ivo Pilar<\/title>\n<meta name=\"robots\" content=\"noindex, follow, max-snippet:-1, max-image-preview:large, max-video-preview:-1\" \/>\n<meta property=\"og:locale\" content=\"hr_HR\" \/>\n<meta property=\"og:type\" content=\"article\" \/>\n<meta property=\"og:title\" content=\"Objava pla\u0107a i materijalnih prava - Institut dru&scaron;tvenih znanosti Ivo Pilar\" \/>\n<meta property=\"og:description\" content=\"Institut dru\u0161tvenih znanosti Ivo Pilar &#8211; isplate sredstava u 2024. i 2025. godini za mjesec: 2025. &#8211; listopad &#8211; rujan &#8211; kolovoz &#8211; srpanj &#8211; lipanj &#8211; svibanj &#8211; travanj &#8211; o\u017eujak &#8211; velja\u010da &#8211; sije\u010danj 2024. &#8211; prosinac &#8211; studeni &#8211; listopad &#8211; rujan &#8211; kolovoz &#8211; srpanj &#8211; lipanj &#8211; svibanj &#8211; travanj&hellip; Pro\u010ditaj vi\u0161e o Objava pla\u0107a i materijalnih prava\" \/>\n<meta property=\"og:url\" content=\"https:\/\/www.vegaintro-projekti.com\/pilar-stari\/objava-placa-i-materijalnih-prava\/\" \/>\n<meta property=\"og:site_name\" content=\"Institut dru&scaron;tvenih znanosti Ivo Pilar\" \/>\n<meta property=\"article:modified_time\" content=\"2025-11-19T21:55:54+00:00\" \/>\n<meta name=\"twitter:card\" content=\"summary_large_image\" \/>\n<meta name=\"twitter:label1\" content=\"Procijenjeno vrijeme \u010ditanja\" \/>\n\t<meta name=\"twitter:data1\" content=\"1 minuta\" \/>\n<script type=\"application\/ld+json\" class=\"yoast-schema-graph\">{\"@context\":\"https:\/\/schema.org\",\"@graph\":[{\"@type\":\"WebPage\",\"@id\":\"https:\/\/www.vegaintro-projekti.com\/pilar-stari\/objava-placa-i-materijalnih-prava\/\",\"url\":\"https:\/\/www.vegaintro-projekti.com\/pilar-stari\/objava-placa-i-materijalnih-prava\/\",\"name\":\"Objava pla\u0107a i materijalnih prava - Institut dru&scaron;tvenih znanosti Ivo Pilar\",\"isPartOf\":{\"@id\":\"https:\/\/www.vegaintro-projekti.com\/pilar-stari\/#website\"},\"datePublished\":\"2024-05-22T07:58:52+00:00\",\"dateModified\":\"2025-11-19T21:55:54+00:00\",\"breadcrumb\":{\"@id\":\"https:\/\/www.vegaintro-projekti.com\/pilar-stari\/objava-placa-i-materijalnih-prava\/#breadcrumb\"},\"inLanguage\":\"hr\",\"potentialAction\":[{\"@type\":\"ReadAction\",\"target\":[\"https:\/\/www.vegaintro-projekti.com\/pilar-stari\/objava-placa-i-materijalnih-prava\/\"]}]},{\"@type\":\"BreadcrumbList\",\"@id\":\"https:\/\/www.vegaintro-projekti.com\/pilar-stari\/objava-placa-i-materijalnih-prava\/#breadcrumb\",\"itemListElement\":[{\"@type\":\"ListItem\",\"position\":1,\"name\":\"Home\",\"item\":\"https:\/\/www.vegaintro-projekti.com\/pilar-stari\/\"},{\"@type\":\"ListItem\",\"position\":2,\"name\":\"Objava pla\u0107a i materijalnih prava\"}]},{\"@type\":\"WebSite\",\"@id\":\"https:\/\/www.vegaintro-projekti.com\/pilar-stari\/#website\",\"url\":\"https:\/\/www.vegaintro-projekti.com\/pilar-stari\/\",\"name\":\"Institut dru&scaron;tvenih znanosti Ivo Pilar\",\"description\":\"Pilar\",\"potentialAction\":[{\"@type\":\"SearchAction\",\"target\":{\"@type\":\"EntryPoint\",\"urlTemplate\":\"https:\/\/www.vegaintro-projekti.com\/pilar-stari\/?s={search_term_string}\"},\"query-input\":\"required name=search_term_string\"}],\"inLanguage\":\"hr\"}]}<\/script>\n<!-- \/ Yoast SEO plugin. -->","yoast_head_json":{"title":"Objava pla\u0107a i materijalnih prava - Institut dru&scaron;tvenih znanosti Ivo Pilar","robots":{"index":"noindex","follow":"follow","max-snippet":"max-snippet:-1","max-image-preview":"max-image-preview:large","max-video-preview":"max-video-preview:-1"},"og_locale":"hr_HR","og_type":"article","og_title":"Objava pla\u0107a i materijalnih prava - Institut dru&scaron;tvenih znanosti Ivo Pilar","og_description":"Institut dru\u0161tvenih znanosti Ivo Pilar &#8211; isplate sredstava u 2024. i 2025. godini za mjesec: 2025. &#8211; listopad &#8211; rujan &#8211; kolovoz &#8211; srpanj &#8211; lipanj &#8211; svibanj &#8211; travanj &#8211; o\u017eujak &#8211; velja\u010da &#8211; sije\u010danj 2024. &#8211; prosinac &#8211; studeni &#8211; listopad &#8211; rujan &#8211; kolovoz &#8211; srpanj &#8211; lipanj &#8211; svibanj &#8211; travanj&hellip; Pro\u010ditaj vi\u0161e o Objava pla\u0107a i materijalnih prava","og_url":"https:\/\/www.vegaintro-projekti.com\/pilar-stari\/objava-placa-i-materijalnih-prava\/","og_site_name":"Institut dru&scaron;tvenih znanosti Ivo Pilar","article_modified_time":"2025-11-19T21:55:54+00:00","twitter_card":"summary_large_image","twitter_misc":{"Procijenjeno vrijeme \u010ditanja":"1 minuta"},"schema":{"@context":"https:\/\/schema.org","@graph":[{"@type":"WebPage","@id":"https:\/\/www.vegaintro-projekti.com\/pilar-stari\/objava-placa-i-materijalnih-prava\/","url":"https:\/\/www.vegaintro-projekti.com\/pilar-stari\/objava-placa-i-materijalnih-prava\/","name":"Objava pla\u0107a i materijalnih prava - Institut dru&scaron;tvenih znanosti Ivo Pilar","isPartOf":{"@id":"https:\/\/www.vegaintro-projekti.com\/pilar-stari\/#website"},"datePublished":"2024-05-22T07:58:52+00:00","dateModified":"2025-11-19T21:55:54+00:00","breadcrumb":{"@id":"https:\/\/www.vegaintro-projekti.com\/pilar-stari\/objava-placa-i-materijalnih-prava\/#breadcrumb"},"inLanguage":"hr","potentialAction":[{"@type":"ReadAction","target":["https:\/\/www.vegaintro-projekti.com\/pilar-stari\/objava-placa-i-materijalnih-prava\/"]}]},{"@type":"BreadcrumbList","@id":"https:\/\/www.vegaintro-projekti.com\/pilar-stari\/objava-placa-i-materijalnih-prava\/#breadcrumb","itemListElement":[{"@type":"ListItem","position":1,"name":"Home","item":"https:\/\/www.vegaintro-projekti.com\/pilar-stari\/"},{"@type":"ListItem","position":2,"name":"Objava pla\u0107a i materijalnih prava"}]},{"@type":"WebSite","@id":"https:\/\/www.vegaintro-projekti.com\/pilar-stari\/#website","url":"https:\/\/www.vegaintro-projekti.com\/pilar-stari\/","name":"Institut dru&scaron;tvenih znanosti Ivo Pilar","description":"Pilar","potentialAction":[{"@type":"SearchAction","target":{"@type":"EntryPoint","urlTemplate":"https:\/\/www.vegaintro-projekti.com\/pilar-stari\/?s={search_term_string}"},"query-input":"required name=search_term_string"}],"inLanguage":"hr"}]}},"_links":{"self":[{"href":"https:\/\/www.vegaintro-projekti.com\/pilar-stari\/wp-json\/wp\/v2\/pages\/29922"}],"collection":[{"href":"https:\/\/www.vegaintro-projekti.com\/pilar-stari\/wp-json\/wp\/v2\/pages"}],"about":[{"href":"https:\/\/www.vegaintro-projekti.com\/pilar-stari\/wp-json\/wp\/v2\/types\/page"}],"author":[{"embeddable":true,"href":"https:\/\/www.vegaintro-projekti.com\/pilar-stari\/wp-json\/wp\/v2\/users\/371"}],"replies":[{"embeddable":true,"href":"https:\/\/www.vegaintro-projekti.com\/pilar-stari\/wp-json\/wp\/v2\/comments?post=29922"}],"version-history":[{"count":23,"href":"https:\/\/www.vegaintro-projekti.com\/pilar-stari\/wp-json\/wp\/v2\/pages\/29922\/revisions"}],"predecessor-version":[{"id":36635,"href":"https:\/\/www.vegaintro-projekti.com\/pilar-stari\/wp-json\/wp\/v2\/pages\/29922\/revisions\/36635"}],"wp:attachment":[{"href":"https:\/\/www.vegaintro-projekti.com\/pilar-stari\/wp-json\/wp\/v2\/media?parent=29922"}],"curies":[{"name":"wp","href":"https:\/\/api.w.org\/{rel}","templated":true}]}}