{"id":3745,"date":"2017-03-15T14:32:22","date_gmt":"2017-03-15T14:32:22","guid":{"rendered":"https:\/\/www.vegaintro-projekti.com\/pilar-stari\/?page_id=3745"},"modified":"2025-10-30T11:47:16","modified_gmt":"2025-10-30T11:47:16","slug":"kontakt-ured-ravnatelja","status":"publish","type":"page","link":"https:\/\/www.vegaintro-projekti.com\/pilar-stari\/kontakt-ured-ravnatelja\/","title":{"rendered":"Kontakt &#8211; URED RAVNATELJA"},"content":{"rendered":"<table class=\"pilar-contact-list-table\" style=\"width: 100%; height: 227px;\">\n<tbody>\n<tr style=\"height: 38px;\">\n<th style=\"height: 38px; width: 83.25%;\">Ime<\/th>\n<th style=\"height: 38px; width: 16.5%;\">Telefon<\/th>\n<\/tr>\n<tr style=\"height: 38px;\">\n<td style=\"height: 38px; width: 83.25%;\"><a href=\"https:\/\/www.vegaintro-projekti.com\/pilar-stari\/ured-ravnatelja\">URED RAVNATELJA<br \/>\n<\/a><\/td>\n<td style=\"height: 38px; width: 16.5%;\">(01) 4886 800<\/td>\n<\/tr>\n<tr style=\"height: 38px;\">\n<td style=\"height: 38px; width: 83.25%;\"><a href=\"https:\/\/www.vegaintro-projekti.com\/pilar-stari\/dr-sc-zeljko-holjevac-ravnatelj\/\">prof. dr. sc. \u017deljko Holjevac, ravnatelj<\/a><a href=\"https:\/\/www.vegaintro-projekti.com\/pilar-stari\/dr-sc-vlado-sakic-ravnatelj\"><br \/>\n<\/a><\/td>\n<td style=\"height: 38px; width: 16.5%;\">(01) 4886 801<\/td>\n<\/tr>\n<tr style=\"height: 38px;\">\n<td style=\"height: 38px; width: 83.25%;\"><a href=\"https:\/\/www.vegaintro-projekti.com\/pilar-stari\/dr-sc-ljiljana-dobrovsak-pomocnica-ravnatelja-za-poslovanje\/\">dr. sc. Ljiljana Dobrov\u0161ak, pomo\u0107nica ravnatelja za poslovanje<\/a><\/td>\n<td style=\"height: 38px; width: 16.5%;\">(01) 4886 802<\/td>\n<\/tr>\n<tr style=\"height: 38px;\">\n<td style=\"height: 38px; width: 83.25%;\"><a href=\"https:\/\/www.vegaintro-projekti.com\/pilar-stari\/dr-sc-ivan-hrstic-pomocnik-ravnatelja-za-znanstvenoistrazivacku-djelatnost\/\">dr. sc. Ivan Hrsti\u0107, pomo\u0107nik ravnatelja za znanstvenoistra\u017eiva\u010dku djelatnost<\/a><\/td>\n<td style=\"height: 38px; width: 16.5%;\">(01) 4886 800<\/td>\n<\/tr>\n<tr style=\"height: 37px;\">\n<td style=\"height: 37px; width: 83.25%;\"><a href=\"https:\/\/www.vegaintro-projekti.com\/pilar-stari\/sanja-lovric-tajnica-ravnatelja\/\">Sanja Lovri\u0107, tajnica ravnatelja<\/a><\/td>\n<td style=\"height: 37px; width: 16.5%;\">(01) 4886 800<\/td>\n<\/tr>\n<\/tbody>\n<\/table>\n","protected":false},"excerpt":{"rendered":"<p>Ime Telefon URED RAVNATELJA (01) 4886 800 prof. dr. sc. \u017deljko Holjevac, ravnatelj (01) 4886 801 dr. sc. Ljiljana Dobrov\u0161ak, pomo\u0107nica ravnatelja za poslovanje (01) 4886 802 dr. sc. Ivan Hrsti\u0107, pomo\u0107nik ravnatelja za znanstvenoistra\u017eiva\u010dku djelatnost (01) 4886 800 Sanja Lovri\u0107, tajnica ravnatelja (01) 4886 800<\/p>\n","protected":false},"author":1,"featured_media":0,"parent":0,"menu_order":0,"comment_status":"closed","ping_status":"closed","template":"","meta":{"inline_featured_image":false,"ngg_post_thumbnail":0,"footnotes":""},"yoast_head":"<!-- This site is optimized with the Yoast SEO plugin v21.2 - https:\/\/yoast.com\/wordpress\/plugins\/seo\/ -->\n<title>Kontakt - URED RAVNATELJA - Institut dru&scaron;tvenih znanosti Ivo Pilar<\/title>\n<meta name=\"robots\" content=\"noindex, follow, max-snippet:-1, max-image-preview:large, max-video-preview:-1\" \/>\n<meta property=\"og:locale\" content=\"hr_HR\" \/>\n<meta property=\"og:type\" content=\"article\" \/>\n<meta property=\"og:title\" content=\"Kontakt - URED RAVNATELJA - Institut dru&scaron;tvenih znanosti Ivo Pilar\" \/>\n<meta property=\"og:description\" content=\"Ime Telefon URED RAVNATELJA (01) 4886 800 prof. dr. sc. \u017deljko Holjevac, ravnatelj (01) 4886 801 dr. sc. Ljiljana Dobrov\u0161ak, pomo\u0107nica ravnatelja za poslovanje (01) 4886 802 dr. sc. Ivan Hrsti\u0107, pomo\u0107nik ravnatelja za znanstvenoistra\u017eiva\u010dku djelatnost (01) 4886 800 Sanja Lovri\u0107, tajnica ravnatelja (01) 4886 800\" \/>\n<meta property=\"og:url\" content=\"https:\/\/www.vegaintro-projekti.com\/pilar-stari\/kontakt-ured-ravnatelja\/\" \/>\n<meta property=\"og:site_name\" content=\"Institut dru&scaron;tvenih znanosti Ivo Pilar\" \/>\n<meta property=\"article:modified_time\" content=\"2025-10-30T11:47:16+00:00\" \/>\n<meta name=\"twitter:card\" content=\"summary_large_image\" \/>\n<meta name=\"twitter:label1\" content=\"Procijenjeno vrijeme \u010ditanja\" \/>\n\t<meta name=\"twitter:data1\" content=\"1 minuta\" \/>\n<script type=\"application\/ld+json\" class=\"yoast-schema-graph\">{\"@context\":\"https:\/\/schema.org\",\"@graph\":[{\"@type\":\"WebPage\",\"@id\":\"https:\/\/www.vegaintro-projekti.com\/pilar-stari\/kontakt-ured-ravnatelja\/\",\"url\":\"https:\/\/www.vegaintro-projekti.com\/pilar-stari\/kontakt-ured-ravnatelja\/\",\"name\":\"Kontakt - URED RAVNATELJA - Institut dru&scaron;tvenih znanosti Ivo Pilar\",\"isPartOf\":{\"@id\":\"https:\/\/www.vegaintro-projekti.com\/pilar-stari\/#website\"},\"datePublished\":\"2017-03-15T14:32:22+00:00\",\"dateModified\":\"2025-10-30T11:47:16+00:00\",\"breadcrumb\":{\"@id\":\"https:\/\/www.vegaintro-projekti.com\/pilar-stari\/kontakt-ured-ravnatelja\/#breadcrumb\"},\"inLanguage\":\"hr\",\"potentialAction\":[{\"@type\":\"ReadAction\",\"target\":[\"https:\/\/www.vegaintro-projekti.com\/pilar-stari\/kontakt-ured-ravnatelja\/\"]}]},{\"@type\":\"BreadcrumbList\",\"@id\":\"https:\/\/www.vegaintro-projekti.com\/pilar-stari\/kontakt-ured-ravnatelja\/#breadcrumb\",\"itemListElement\":[{\"@type\":\"ListItem\",\"position\":1,\"name\":\"Home\",\"item\":\"https:\/\/www.vegaintro-projekti.com\/pilar-stari\/\"},{\"@type\":\"ListItem\",\"position\":2,\"name\":\"Kontakt &#8211; URED RAVNATELJA\"}]},{\"@type\":\"WebSite\",\"@id\":\"https:\/\/www.vegaintro-projekti.com\/pilar-stari\/#website\",\"url\":\"https:\/\/www.vegaintro-projekti.com\/pilar-stari\/\",\"name\":\"Institut dru&scaron;tvenih znanosti Ivo Pilar\",\"description\":\"Pilar\",\"potentialAction\":[{\"@type\":\"SearchAction\",\"target\":{\"@type\":\"EntryPoint\",\"urlTemplate\":\"https:\/\/www.vegaintro-projekti.com\/pilar-stari\/?s={search_term_string}\"},\"query-input\":\"required name=search_term_string\"}],\"inLanguage\":\"hr\"}]}<\/script>\n<!-- \/ Yoast SEO plugin. -->","yoast_head_json":{"title":"Kontakt - URED RAVNATELJA - Institut dru&scaron;tvenih znanosti Ivo Pilar","robots":{"index":"noindex","follow":"follow","max-snippet":"max-snippet:-1","max-image-preview":"max-image-preview:large","max-video-preview":"max-video-preview:-1"},"og_locale":"hr_HR","og_type":"article","og_title":"Kontakt - URED RAVNATELJA - Institut dru&scaron;tvenih znanosti Ivo Pilar","og_description":"Ime Telefon URED RAVNATELJA (01) 4886 800 prof. dr. sc. \u017deljko Holjevac, ravnatelj (01) 4886 801 dr. sc. Ljiljana Dobrov\u0161ak, pomo\u0107nica ravnatelja za poslovanje (01) 4886 802 dr. sc. Ivan Hrsti\u0107, pomo\u0107nik ravnatelja za znanstvenoistra\u017eiva\u010dku djelatnost (01) 4886 800 Sanja Lovri\u0107, tajnica ravnatelja (01) 4886 800","og_url":"https:\/\/www.vegaintro-projekti.com\/pilar-stari\/kontakt-ured-ravnatelja\/","og_site_name":"Institut dru&scaron;tvenih znanosti Ivo Pilar","article_modified_time":"2025-10-30T11:47:16+00:00","twitter_card":"summary_large_image","twitter_misc":{"Procijenjeno vrijeme \u010ditanja":"1 minuta"},"schema":{"@context":"https:\/\/schema.org","@graph":[{"@type":"WebPage","@id":"https:\/\/www.vegaintro-projekti.com\/pilar-stari\/kontakt-ured-ravnatelja\/","url":"https:\/\/www.vegaintro-projekti.com\/pilar-stari\/kontakt-ured-ravnatelja\/","name":"Kontakt - URED RAVNATELJA - Institut dru&scaron;tvenih znanosti Ivo Pilar","isPartOf":{"@id":"https:\/\/www.vegaintro-projekti.com\/pilar-stari\/#website"},"datePublished":"2017-03-15T14:32:22+00:00","dateModified":"2025-10-30T11:47:16+00:00","breadcrumb":{"@id":"https:\/\/www.vegaintro-projekti.com\/pilar-stari\/kontakt-ured-ravnatelja\/#breadcrumb"},"inLanguage":"hr","potentialAction":[{"@type":"ReadAction","target":["https:\/\/www.vegaintro-projekti.com\/pilar-stari\/kontakt-ured-ravnatelja\/"]}]},{"@type":"BreadcrumbList","@id":"https:\/\/www.vegaintro-projekti.com\/pilar-stari\/kontakt-ured-ravnatelja\/#breadcrumb","itemListElement":[{"@type":"ListItem","position":1,"name":"Home","item":"https:\/\/www.vegaintro-projekti.com\/pilar-stari\/"},{"@type":"ListItem","position":2,"name":"Kontakt &#8211; URED RAVNATELJA"}]},{"@type":"WebSite","@id":"https:\/\/www.vegaintro-projekti.com\/pilar-stari\/#website","url":"https:\/\/www.vegaintro-projekti.com\/pilar-stari\/","name":"Institut dru&scaron;tvenih znanosti Ivo Pilar","description":"Pilar","potentialAction":[{"@type":"SearchAction","target":{"@type":"EntryPoint","urlTemplate":"https:\/\/www.vegaintro-projekti.com\/pilar-stari\/?s={search_term_string}"},"query-input":"required name=search_term_string"}],"inLanguage":"hr"}]}},"_links":{"self":[{"href":"https:\/\/www.vegaintro-projekti.com\/pilar-stari\/wp-json\/wp\/v2\/pages\/3745"}],"collection":[{"href":"https:\/\/www.vegaintro-projekti.com\/pilar-stari\/wp-json\/wp\/v2\/pages"}],"about":[{"href":"https:\/\/www.vegaintro-projekti.com\/pilar-stari\/wp-json\/wp\/v2\/types\/page"}],"author":[{"embeddable":true,"href":"https:\/\/www.vegaintro-projekti.com\/pilar-stari\/wp-json\/wp\/v2\/users\/1"}],"replies":[{"embeddable":true,"href":"https:\/\/www.vegaintro-projekti.com\/pilar-stari\/wp-json\/wp\/v2\/comments?post=3745"}],"version-history":[{"count":42,"href":"https:\/\/www.vegaintro-projekti.com\/pilar-stari\/wp-json\/wp\/v2\/pages\/3745\/revisions"}],"predecessor-version":[{"id":36299,"href":"https:\/\/www.vegaintro-projekti.com\/pilar-stari\/wp-json\/wp\/v2\/pages\/3745\/revisions\/36299"}],"wp:attachment":[{"href":"https:\/\/www.vegaintro-projekti.com\/pilar-stari\/wp-json\/wp\/v2\/media?parent=3745"}],"curies":[{"name":"wp","href":"https:\/\/api.w.org\/{rel}","templated":true}]}}