{"id":3779,"date":"2017-03-15T15:40:18","date_gmt":"2017-03-15T15:40:18","guid":{"rendered":"https:\/\/www.vegaintro-projekti.com\/pilar-stari\/?page_id=3779"},"modified":"2025-10-30T11:46:17","modified_gmt":"2025-10-30T11:46:17","slug":"kontakt-podrucni-centri","status":"publish","type":"page","link":"https:\/\/www.vegaintro-projekti.com\/pilar-stari\/kontakt-podrucni-centri\/","title":{"rendered":"Kontakt &#8211; podru\u010dni centri"},"content":{"rendered":"<table class=\"pilar-contact-list-table\" style=\"height: 188px; width: 100.952%;\">\n<tbody>\n<tr style=\"height: 24px;\">\n<th style=\"width: 64.8265%; height: 24px;\">Ime<\/th>\n<th style=\"width: 16.7193%; height: 24px;\">Telefon<\/th>\n<\/tr>\n<tr style=\"height: 48px;\">\n<td style=\"width: 64.8265%; height: 25px;\"><a href=\"https:\/\/www.vegaintro-projekti.com\/pilar-stari\/dr-sc-sasa-mrduljas-voditelj-centra-split\">dr. sc. Sa\u0161a Mrdulja\u0161, voditelj Centra Split<br \/>\n<\/a><\/td>\n<td style=\"width: 16.7193%; height: 25px;\">&nbsp;<\/td>\n<\/tr>\n<tr style=\"height: 48px;\">\n<td style=\"width: 64.8265%; height: 27px;\"><a href=\"https:\/\/www.vegaintro-projekti.com\/pilar-stari\/dr-sc-mateo-zanic-voditelj-centra-vukovar\/\">dr. sc. Ivana Bendra, voditeljica Centra Vukovar<\/a><a href=\"https:\/\/www.vegaintro-projekti.com\/pilar-stari\/dr-sc-drazen-zivic-voditelj-centra-vukovar\"><br \/>\n<\/a><\/td>\n<td style=\"width: 16.7193%; height: 27px;\">(032) 450 323<\/td>\n<\/tr>\n<tr style=\"height: 48px;\">\n<td style=\"width: 64.8265%; height: 14px;\"><a href=\"https:\/\/www.vegaintro-projekti.com\/pilar-stari\/dr-sc-stipan-trogrlic-voditelj-centra-pula\">dr. sc. Marin Bero\u0161, voditelj Centra Pula<br \/>\n<\/a><\/td>\n<td style=\"width: 16.7193%; height: 14px;\">(052) 8946 921<\/td>\n<\/tr>\n<tr style=\"height: 48px;\">\n<td style=\"width: 64.8265%; height: 21px;\"><a href=\"https:\/\/www.vegaintro-projekti.com\/pilar-stari\/dr-sc-anita-busljeta-tonkovic-voditeljica-centra-gospic\/\">dr. sc. Ivan Brli\u0107, voditelj Centra Gospi\u0107<\/a><\/td>\n<td style=\"width: 16.7193%; height: 21px;\">(053) 741 140<\/td>\n<\/tr>\n<tr style=\"height: 48px;\">\n<td style=\"width: 64.8265%; height: 26px;\"><a href=\"https:\/\/www.vegaintro-projekti.com\/pilar-stari\/dr-sc-vinicije-lupis-voditelj-centra-dubrovnik\">dr. sc. Vinicije Lupis, voditelj Centra Dubrovnik<br \/>\n<\/a><\/td>\n<td style=\"width: 16.7193%; height: 26px;\">(020) 323 946<\/td>\n<\/tr>\n<tr style=\"height: 48px;\">\n<td style=\"width: 64.8265%; height: 21px;\"><a href=\"https:\/\/www.vegaintro-projekti.com\/pilar-stari\/dr-sc-miljenko-brekalo-voditelj-centra-osijek\">dr. sc. Miljenko Brekalo, voditelj Centra Osijek<br \/>\n<\/a><\/td>\n<td style=\"width: 16.7193%; height: 21px;\">(031) 207 294<\/td>\n<\/tr>\n<tr style=\"height: 48px;\">\n<td style=\"width: 64.8265%; height: 20px;\"><a href=\"https:\/\/www.vegaintro-projekti.com\/pilar-stari\/dr-sc-andreja-brajsa-zganec-voditeljica-centra-varazdin\">dr. sc. Andreja Braj\u0161a \u017dganec, voditeljica Centra Vara\u017edin<br \/>\n<\/a><\/td>\n<td style=\"width: 16.7193%; height: 20px;\">(01) 4886 819<\/td>\n<\/tr>\n<tr style=\"height: 24px;\">\n<td style=\"width: 64.8265%; height: 10px;\"><a href=\"https:\/\/www.vegaintro-projekti.com\/pilar-stari\/dr-sc-ivan-hrstic-voditelj-centra-vis\/\">dr. sc. Ivan Hrsti\u0107, voditelj Centra Vis<\/a><\/td>\n<td style=\"width: 16.7193%; height: 10px;\">(01) 4886 800<\/td>\n<\/tr>\n<\/tbody>\n<\/table>\n","protected":false},"excerpt":{"rendered":"<p>Ime Telefon dr. sc. Sa\u0161a Mrdulja\u0161, voditelj Centra Split &nbsp; dr. sc. Ivana Bendra, voditeljica Centra Vukovar (032) 450 323 dr. sc. Marin Bero\u0161, voditelj Centra Pula (052) 8946 921 dr. sc. Ivan Brli\u0107, voditelj Centra Gospi\u0107 (053) 741 140 dr. sc. Vinicije Lupis, voditelj Centra Dubrovnik (020) 323 946 dr. sc. Miljenko Brekalo, voditelj&hellip; <a class=\"continue\" href=\"https:\/\/www.vegaintro-projekti.com\/pilar-stari\/kontakt-podrucni-centri\/\">Pro\u010ditaj vi\u0161e o<span> Kontakt &#8211; podru\u010dni centri<\/span><\/a><\/p>\n","protected":false},"author":1,"featured_media":0,"parent":0,"menu_order":0,"comment_status":"closed","ping_status":"closed","template":"","meta":{"inline_featured_image":false,"ngg_post_thumbnail":0,"footnotes":""},"yoast_head":"<!-- This site is optimized with the Yoast SEO plugin v21.2 - https:\/\/yoast.com\/wordpress\/plugins\/seo\/ -->\n<title>Kontakt - podru\u010dni centri - Institut dru&scaron;tvenih znanosti Ivo Pilar<\/title>\n<meta name=\"robots\" content=\"noindex, follow, max-snippet:-1, max-image-preview:large, max-video-preview:-1\" \/>\n<meta property=\"og:locale\" content=\"hr_HR\" \/>\n<meta property=\"og:type\" content=\"article\" \/>\n<meta property=\"og:title\" content=\"Kontakt - podru\u010dni centri - Institut dru&scaron;tvenih znanosti Ivo Pilar\" \/>\n<meta property=\"og:description\" content=\"Ime Telefon dr. sc. Sa\u0161a Mrdulja\u0161, voditelj Centra Split &nbsp; dr. sc. Ivana Bendra, voditeljica Centra Vukovar (032) 450 323 dr. sc. Marin Bero\u0161, voditelj Centra Pula (052) 8946 921 dr. sc. Ivan Brli\u0107, voditelj Centra Gospi\u0107 (053) 741 140 dr. sc. Vinicije Lupis, voditelj Centra Dubrovnik (020) 323 946 dr. sc. Miljenko Brekalo, voditelj&hellip; Pro\u010ditaj vi\u0161e o Kontakt &#8211; podru\u010dni centri\" \/>\n<meta property=\"og:url\" content=\"https:\/\/www.vegaintro-projekti.com\/pilar-stari\/kontakt-podrucni-centri\/\" \/>\n<meta property=\"og:site_name\" content=\"Institut dru&scaron;tvenih znanosti Ivo Pilar\" \/>\n<meta property=\"article:modified_time\" content=\"2025-10-30T11:46:17+00:00\" \/>\n<meta name=\"twitter:card\" content=\"summary_large_image\" \/>\n<meta name=\"twitter:label1\" content=\"Procijenjeno vrijeme \u010ditanja\" \/>\n\t<meta name=\"twitter:data1\" content=\"1 minuta\" \/>\n<script type=\"application\/ld+json\" class=\"yoast-schema-graph\">{\"@context\":\"https:\/\/schema.org\",\"@graph\":[{\"@type\":\"WebPage\",\"@id\":\"https:\/\/www.vegaintro-projekti.com\/pilar-stari\/kontakt-podrucni-centri\/\",\"url\":\"https:\/\/www.vegaintro-projekti.com\/pilar-stari\/kontakt-podrucni-centri\/\",\"name\":\"Kontakt - podru\u010dni centri - Institut dru&scaron;tvenih znanosti Ivo Pilar\",\"isPartOf\":{\"@id\":\"https:\/\/www.vegaintro-projekti.com\/pilar-stari\/#website\"},\"datePublished\":\"2017-03-15T15:40:18+00:00\",\"dateModified\":\"2025-10-30T11:46:17+00:00\",\"breadcrumb\":{\"@id\":\"https:\/\/www.vegaintro-projekti.com\/pilar-stari\/kontakt-podrucni-centri\/#breadcrumb\"},\"inLanguage\":\"hr\",\"potentialAction\":[{\"@type\":\"ReadAction\",\"target\":[\"https:\/\/www.vegaintro-projekti.com\/pilar-stari\/kontakt-podrucni-centri\/\"]}]},{\"@type\":\"BreadcrumbList\",\"@id\":\"https:\/\/www.vegaintro-projekti.com\/pilar-stari\/kontakt-podrucni-centri\/#breadcrumb\",\"itemListElement\":[{\"@type\":\"ListItem\",\"position\":1,\"name\":\"Home\",\"item\":\"https:\/\/www.vegaintro-projekti.com\/pilar-stari\/\"},{\"@type\":\"ListItem\",\"position\":2,\"name\":\"Kontakt &#8211; podru\u010dni centri\"}]},{\"@type\":\"WebSite\",\"@id\":\"https:\/\/www.vegaintro-projekti.com\/pilar-stari\/#website\",\"url\":\"https:\/\/www.vegaintro-projekti.com\/pilar-stari\/\",\"name\":\"Institut dru&scaron;tvenih znanosti Ivo Pilar\",\"description\":\"Pilar\",\"potentialAction\":[{\"@type\":\"SearchAction\",\"target\":{\"@type\":\"EntryPoint\",\"urlTemplate\":\"https:\/\/www.vegaintro-projekti.com\/pilar-stari\/?s={search_term_string}\"},\"query-input\":\"required name=search_term_string\"}],\"inLanguage\":\"hr\"}]}<\/script>\n<!-- \/ Yoast SEO plugin. -->","yoast_head_json":{"title":"Kontakt - podru\u010dni centri - Institut dru&scaron;tvenih znanosti Ivo Pilar","robots":{"index":"noindex","follow":"follow","max-snippet":"max-snippet:-1","max-image-preview":"max-image-preview:large","max-video-preview":"max-video-preview:-1"},"og_locale":"hr_HR","og_type":"article","og_title":"Kontakt - podru\u010dni centri - Institut dru&scaron;tvenih znanosti Ivo Pilar","og_description":"Ime Telefon dr. sc. Sa\u0161a Mrdulja\u0161, voditelj Centra Split &nbsp; dr. sc. Ivana Bendra, voditeljica Centra Vukovar (032) 450 323 dr. sc. Marin Bero\u0161, voditelj Centra Pula (052) 8946 921 dr. sc. Ivan Brli\u0107, voditelj Centra Gospi\u0107 (053) 741 140 dr. sc. Vinicije Lupis, voditelj Centra Dubrovnik (020) 323 946 dr. sc. Miljenko Brekalo, voditelj&hellip; Pro\u010ditaj vi\u0161e o Kontakt &#8211; podru\u010dni centri","og_url":"https:\/\/www.vegaintro-projekti.com\/pilar-stari\/kontakt-podrucni-centri\/","og_site_name":"Institut dru&scaron;tvenih znanosti Ivo Pilar","article_modified_time":"2025-10-30T11:46:17+00:00","twitter_card":"summary_large_image","twitter_misc":{"Procijenjeno vrijeme \u010ditanja":"1 minuta"},"schema":{"@context":"https:\/\/schema.org","@graph":[{"@type":"WebPage","@id":"https:\/\/www.vegaintro-projekti.com\/pilar-stari\/kontakt-podrucni-centri\/","url":"https:\/\/www.vegaintro-projekti.com\/pilar-stari\/kontakt-podrucni-centri\/","name":"Kontakt - podru\u010dni centri - Institut dru&scaron;tvenih znanosti Ivo Pilar","isPartOf":{"@id":"https:\/\/www.vegaintro-projekti.com\/pilar-stari\/#website"},"datePublished":"2017-03-15T15:40:18+00:00","dateModified":"2025-10-30T11:46:17+00:00","breadcrumb":{"@id":"https:\/\/www.vegaintro-projekti.com\/pilar-stari\/kontakt-podrucni-centri\/#breadcrumb"},"inLanguage":"hr","potentialAction":[{"@type":"ReadAction","target":["https:\/\/www.vegaintro-projekti.com\/pilar-stari\/kontakt-podrucni-centri\/"]}]},{"@type":"BreadcrumbList","@id":"https:\/\/www.vegaintro-projekti.com\/pilar-stari\/kontakt-podrucni-centri\/#breadcrumb","itemListElement":[{"@type":"ListItem","position":1,"name":"Home","item":"https:\/\/www.vegaintro-projekti.com\/pilar-stari\/"},{"@type":"ListItem","position":2,"name":"Kontakt &#8211; podru\u010dni centri"}]},{"@type":"WebSite","@id":"https:\/\/www.vegaintro-projekti.com\/pilar-stari\/#website","url":"https:\/\/www.vegaintro-projekti.com\/pilar-stari\/","name":"Institut dru&scaron;tvenih znanosti Ivo Pilar","description":"Pilar","potentialAction":[{"@type":"SearchAction","target":{"@type":"EntryPoint","urlTemplate":"https:\/\/www.vegaintro-projekti.com\/pilar-stari\/?s={search_term_string}"},"query-input":"required name=search_term_string"}],"inLanguage":"hr"}]}},"_links":{"self":[{"href":"https:\/\/www.vegaintro-projekti.com\/pilar-stari\/wp-json\/wp\/v2\/pages\/3779"}],"collection":[{"href":"https:\/\/www.vegaintro-projekti.com\/pilar-stari\/wp-json\/wp\/v2\/pages"}],"about":[{"href":"https:\/\/www.vegaintro-projekti.com\/pilar-stari\/wp-json\/wp\/v2\/types\/page"}],"author":[{"embeddable":true,"href":"https:\/\/www.vegaintro-projekti.com\/pilar-stari\/wp-json\/wp\/v2\/users\/1"}],"replies":[{"embeddable":true,"href":"https:\/\/www.vegaintro-projekti.com\/pilar-stari\/wp-json\/wp\/v2\/comments?post=3779"}],"version-history":[{"count":45,"href":"https:\/\/www.vegaintro-projekti.com\/pilar-stari\/wp-json\/wp\/v2\/pages\/3779\/revisions"}],"predecessor-version":[{"id":36297,"href":"https:\/\/www.vegaintro-projekti.com\/pilar-stari\/wp-json\/wp\/v2\/pages\/3779\/revisions\/36297"}],"wp:attachment":[{"href":"https:\/\/www.vegaintro-projekti.com\/pilar-stari\/wp-json\/wp\/v2\/media?parent=3779"}],"curies":[{"name":"wp","href":"https:\/\/api.w.org\/{rel}","templated":true}]}}