{"id":3788,"date":"2017-03-15T16:20:55","date_gmt":"2017-03-15T16:20:55","guid":{"rendered":"https:\/\/www.vegaintro-projekti.com\/pilar-stari\/?page_id=3788"},"modified":"2025-10-14T09:17:02","modified_gmt":"2025-10-14T09:17:02","slug":"kontakt-strucne-sluzbe","status":"publish","type":"page","link":"https:\/\/www.vegaintro-projekti.com\/pilar-stari\/kontakt-strucne-sluzbe\/","title":{"rendered":"Kontakt &#8211; stru\u010dno-administrativne slu\u017ebe i knji\u017enica"},"content":{"rendered":"<table class=\"pilar-contact-list-table\" style=\"width: 99.75%;\">\n<tbody>\n<tr>\n<th style=\"width: 79.9498%;\">Ime<\/th>\n<th style=\"width: 19.7996%;\">Telefon<\/th>\n<\/tr>\n<tr>\n<td style=\"width: 79.9498%;\">\n<div class=\"strucne-sluzbe-1\">KNJI\u017dNICA<\/div>\n<div class=\"strucne-sluzbe-2\"><a href=\"https:\/\/www.vegaintro-projekti.com\/pilar-stari\/voditeljica-mirna-vaupotic-murati-prof\"><br \/>\nVoditeljica: Mirna Vaupoti\u0107-Murati, prof., dipl. bib.<br \/>\n<\/a><\/div>\n<\/td>\n<td style=\"width: 19.7996%;\">\n<div class=\"strucne-sluzbe-1\">(01) 4886 831<\/div>\n<\/td>\n<\/tr>\n<tr>\n<td style=\"width: 79.9498%;\">\n<div class=\"strucne-sluzbe-1\">NAKLADNI\u010cKA SLU\u017dBA<\/div>\n<div class=\"strucne-sluzbe-2\"><a href=\"https:\/\/www.vegaintro-projekti.com\/pilar-stari\/voditeljica-mirjana-paic-jurinic\"><br \/>\nVoditeljica: Mirjana Pai\u0107 Jurini\u0107, dipl. pol.<br \/>\n<\/a><\/div>\n<\/td>\n<td style=\"width: 19.7996%;\">\n<div class=\"strucne-sluzbe-1\">(01) 4886 811<\/div>\n<\/td>\n<\/tr>\n<tr>\n<td style=\"width: 79.9498%;\">\n<div class=\"strucne-sluzbe-1\">\u010cASOPIS &#8220;DRU\u0160TVENA ISTRA\u017dIVANJA&#8221;<\/div>\n<div class=\"strucne-sluzbe-2\"><a href=\"https:\/\/www.vegaintro-projekti.com\/pilar-stari\/tajnica-vlatka-venos\"><br \/>\nTajnica: Vlatka Venos<br \/>\n<\/a><\/div>\n<\/td>\n<td style=\"width: 19.7996%;\">\n<div class=\"strucne-sluzbe-1\">(01) 4886 815<\/div>\n<\/td>\n<\/tr>\n<tr>\n<td style=\"width: 79.9498%;\">\n<div class=\"strucne-sluzbe-1\">SLU\u017dBA ZA PRAVNE I OP\u0106E POSLOVE<\/div>\n<div class=\"strucne-sluzbe-2\"><a href=\"https:\/\/www.vegaintro-projekti.com\/pilar-stari\/voditeljica-marlena-vedris-dipl-iur\"><br \/>\nVoditeljica: Marlena Vedri\u0161, dipl. iur.<br \/>\n<\/a><\/div>\n<\/td>\n<td style=\"width: 19.7996%;\">\n<div class=\"strucne-sluzbe-1\">(01) 4886 812<\/div>\n<\/td>\n<\/tr>\n<tr>\n<td style=\"width: 79.9498%;\">\n<div class=\"strucne-sluzbe-1\">\n<p>RA\u010cUNOVODSTVO-FINANCIJSKA SLU\u017dBA<\/p>\n<\/div>\n<div class=\"strucne-sluzbe-2\"><a href=\"https:\/\/www.vegaintro-projekti.com\/pilar-stari\/voditeljica-jelena-selihar\">Voditeljica: Jelena Selihar, mag. oec<\/a><\/div>\n<\/td>\n<td style=\"width: 19.7996%;\">\n<div class=\"strucne-sluzbe-1\">\n<p>(01) 4886 817<\/p>\n<\/div>\n<\/td>\n<\/tr>\n<tr>\n<td style=\"width: 79.9498%;\">\n<div class=\"strucne-sluzbe-1\">SLU\u017dBA ZA ODR\u017dAVANJE RA\u010cUNALNE MRE\u017dE<\/div>\n<div class=\"strucne-sluzbe-2\"><a href=\"https:\/\/www.vegaintro-projekti.com\/pilar-stari\/strucni-suradnik-tomislav-zganec-dipl-ing\"><br \/>\nStru\u010dni suradnik: Tomislav \u017dganec, dipl. ing<br \/>\n<\/a><\/div>\n<\/td>\n<td style=\"width: 19.7996%;\">\n<div class=\"strucne-sluzbe-1\">(01) 4886 800<\/div>\n<\/td>\n<\/tr>\n<tr>\n<td style=\"width: 79.9498%;\">\n<div class=\"strucne-sluzbe-1\">SLU\u017dBA ZA UNUTARNJE OSIGURANJE I UNAPRJE\u0110IVANJE KVALITETE<\/div>\n<div>&nbsp;<\/div>\n<div>Stru\u010dna savjetnica u znanosti: Martina Majstorovi\u0107 Pele\u0161, mag. psych.<\/div>\n<\/td>\n<td style=\"width: 19.7996%;\">\n<div class=\"strucne-sluzbe-1\">(01) 4886 800<\/div>\n<\/td>\n<\/tr>\n<\/tbody>\n<\/table>\n","protected":false},"excerpt":{"rendered":"<p>Ime Telefon KNJI\u017dNICA Voditeljica: Mirna Vaupoti\u0107-Murati, prof., dipl. bib. (01) 4886 831 NAKLADNI\u010cKA SLU\u017dBA Voditeljica: Mirjana Pai\u0107 Jurini\u0107, dipl. pol. (01) 4886 811 \u010cASOPIS &#8220;DRU\u0160TVENA ISTRA\u017dIVANJA&#8221; Tajnica: Vlatka Venos (01) 4886 815 SLU\u017dBA ZA PRAVNE I OP\u0106E POSLOVE Voditeljica: Marlena Vedri\u0161, dipl. iur. (01) 4886 812 RA\u010cUNOVODSTVO-FINANCIJSKA SLU\u017dBA Voditeljica: Jelena Selihar, mag. oec (01) 4886&hellip; <a class=\"continue\" href=\"https:\/\/www.vegaintro-projekti.com\/pilar-stari\/kontakt-strucne-sluzbe\/\">Pro\u010ditaj vi\u0161e o<span> Kontakt &#8211; stru\u010dno-administrativne slu\u017ebe i knji\u017enica<\/span><\/a><\/p>\n","protected":false},"author":1,"featured_media":0,"parent":0,"menu_order":0,"comment_status":"closed","ping_status":"closed","template":"","meta":{"inline_featured_image":false,"ngg_post_thumbnail":0,"footnotes":""},"yoast_head":"<!-- This site is optimized with the Yoast SEO plugin v21.2 - https:\/\/yoast.com\/wordpress\/plugins\/seo\/ -->\n<title>Kontakt - stru\u010dno-administrativne slu\u017ebe i knji\u017enica - Institut dru&scaron;tvenih znanosti Ivo Pilar<\/title>\n<meta name=\"robots\" content=\"noindex, follow, max-snippet:-1, max-image-preview:large, max-video-preview:-1\" \/>\n<meta property=\"og:locale\" content=\"hr_HR\" \/>\n<meta property=\"og:type\" content=\"article\" \/>\n<meta property=\"og:title\" content=\"Kontakt - stru\u010dno-administrativne slu\u017ebe i knji\u017enica - Institut dru&scaron;tvenih znanosti Ivo Pilar\" \/>\n<meta property=\"og:description\" content=\"Ime Telefon KNJI\u017dNICA Voditeljica: Mirna Vaupoti\u0107-Murati, prof., dipl. bib. (01) 4886 831 NAKLADNI\u010cKA SLU\u017dBA Voditeljica: Mirjana Pai\u0107 Jurini\u0107, dipl. pol. (01) 4886 811 \u010cASOPIS &#8220;DRU\u0160TVENA ISTRA\u017dIVANJA&#8221; Tajnica: Vlatka Venos (01) 4886 815 SLU\u017dBA ZA PRAVNE I OP\u0106E POSLOVE Voditeljica: Marlena Vedri\u0161, dipl. iur. (01) 4886 812 RA\u010cUNOVODSTVO-FINANCIJSKA SLU\u017dBA Voditeljica: Jelena Selihar, mag. oec (01) 4886&hellip; Pro\u010ditaj vi\u0161e o Kontakt &#8211; stru\u010dno-administrativne slu\u017ebe i knji\u017enica\" \/>\n<meta property=\"og:url\" content=\"https:\/\/www.vegaintro-projekti.com\/pilar-stari\/kontakt-strucne-sluzbe\/\" \/>\n<meta property=\"og:site_name\" content=\"Institut dru&scaron;tvenih znanosti Ivo Pilar\" \/>\n<meta property=\"article:modified_time\" content=\"2025-10-14T09:17:02+00:00\" \/>\n<meta name=\"twitter:card\" content=\"summary_large_image\" \/>\n<meta name=\"twitter:label1\" content=\"Procijenjeno vrijeme \u010ditanja\" \/>\n\t<meta name=\"twitter:data1\" content=\"1 minuta\" \/>\n<script type=\"application\/ld+json\" class=\"yoast-schema-graph\">{\"@context\":\"https:\/\/schema.org\",\"@graph\":[{\"@type\":\"WebPage\",\"@id\":\"https:\/\/www.vegaintro-projekti.com\/pilar-stari\/kontakt-strucne-sluzbe\/\",\"url\":\"https:\/\/www.vegaintro-projekti.com\/pilar-stari\/kontakt-strucne-sluzbe\/\",\"name\":\"Kontakt - stru\u010dno-administrativne slu\u017ebe i knji\u017enica - Institut dru&scaron;tvenih znanosti Ivo Pilar\",\"isPartOf\":{\"@id\":\"https:\/\/www.vegaintro-projekti.com\/pilar-stari\/#website\"},\"datePublished\":\"2017-03-15T16:20:55+00:00\",\"dateModified\":\"2025-10-14T09:17:02+00:00\",\"breadcrumb\":{\"@id\":\"https:\/\/www.vegaintro-projekti.com\/pilar-stari\/kontakt-strucne-sluzbe\/#breadcrumb\"},\"inLanguage\":\"hr\",\"potentialAction\":[{\"@type\":\"ReadAction\",\"target\":[\"https:\/\/www.vegaintro-projekti.com\/pilar-stari\/kontakt-strucne-sluzbe\/\"]}]},{\"@type\":\"BreadcrumbList\",\"@id\":\"https:\/\/www.vegaintro-projekti.com\/pilar-stari\/kontakt-strucne-sluzbe\/#breadcrumb\",\"itemListElement\":[{\"@type\":\"ListItem\",\"position\":1,\"name\":\"Home\",\"item\":\"https:\/\/www.vegaintro-projekti.com\/pilar-stari\/\"},{\"@type\":\"ListItem\",\"position\":2,\"name\":\"Kontakt &#8211; stru\u010dno-administrativne slu\u017ebe i knji\u017enica\"}]},{\"@type\":\"WebSite\",\"@id\":\"https:\/\/www.vegaintro-projekti.com\/pilar-stari\/#website\",\"url\":\"https:\/\/www.vegaintro-projekti.com\/pilar-stari\/\",\"name\":\"Institut dru&scaron;tvenih znanosti Ivo Pilar\",\"description\":\"Pilar\",\"potentialAction\":[{\"@type\":\"SearchAction\",\"target\":{\"@type\":\"EntryPoint\",\"urlTemplate\":\"https:\/\/www.vegaintro-projekti.com\/pilar-stari\/?s={search_term_string}\"},\"query-input\":\"required name=search_term_string\"}],\"inLanguage\":\"hr\"}]}<\/script>\n<!-- \/ Yoast SEO plugin. -->","yoast_head_json":{"title":"Kontakt - stru\u010dno-administrativne slu\u017ebe i knji\u017enica - Institut dru&scaron;tvenih znanosti Ivo Pilar","robots":{"index":"noindex","follow":"follow","max-snippet":"max-snippet:-1","max-image-preview":"max-image-preview:large","max-video-preview":"max-video-preview:-1"},"og_locale":"hr_HR","og_type":"article","og_title":"Kontakt - stru\u010dno-administrativne slu\u017ebe i knji\u017enica - Institut dru&scaron;tvenih znanosti Ivo Pilar","og_description":"Ime Telefon KNJI\u017dNICA Voditeljica: Mirna Vaupoti\u0107-Murati, prof., dipl. bib. (01) 4886 831 NAKLADNI\u010cKA SLU\u017dBA Voditeljica: Mirjana Pai\u0107 Jurini\u0107, dipl. pol. (01) 4886 811 \u010cASOPIS &#8220;DRU\u0160TVENA ISTRA\u017dIVANJA&#8221; Tajnica: Vlatka Venos (01) 4886 815 SLU\u017dBA ZA PRAVNE I OP\u0106E POSLOVE Voditeljica: Marlena Vedri\u0161, dipl. iur. (01) 4886 812 RA\u010cUNOVODSTVO-FINANCIJSKA SLU\u017dBA Voditeljica: Jelena Selihar, mag. oec (01) 4886&hellip; Pro\u010ditaj vi\u0161e o Kontakt &#8211; stru\u010dno-administrativne slu\u017ebe i knji\u017enica","og_url":"https:\/\/www.vegaintro-projekti.com\/pilar-stari\/kontakt-strucne-sluzbe\/","og_site_name":"Institut dru&scaron;tvenih znanosti Ivo Pilar","article_modified_time":"2025-10-14T09:17:02+00:00","twitter_card":"summary_large_image","twitter_misc":{"Procijenjeno vrijeme \u010ditanja":"1 minuta"},"schema":{"@context":"https:\/\/schema.org","@graph":[{"@type":"WebPage","@id":"https:\/\/www.vegaintro-projekti.com\/pilar-stari\/kontakt-strucne-sluzbe\/","url":"https:\/\/www.vegaintro-projekti.com\/pilar-stari\/kontakt-strucne-sluzbe\/","name":"Kontakt - stru\u010dno-administrativne slu\u017ebe i knji\u017enica - Institut dru&scaron;tvenih znanosti Ivo Pilar","isPartOf":{"@id":"https:\/\/www.vegaintro-projekti.com\/pilar-stari\/#website"},"datePublished":"2017-03-15T16:20:55+00:00","dateModified":"2025-10-14T09:17:02+00:00","breadcrumb":{"@id":"https:\/\/www.vegaintro-projekti.com\/pilar-stari\/kontakt-strucne-sluzbe\/#breadcrumb"},"inLanguage":"hr","potentialAction":[{"@type":"ReadAction","target":["https:\/\/www.vegaintro-projekti.com\/pilar-stari\/kontakt-strucne-sluzbe\/"]}]},{"@type":"BreadcrumbList","@id":"https:\/\/www.vegaintro-projekti.com\/pilar-stari\/kontakt-strucne-sluzbe\/#breadcrumb","itemListElement":[{"@type":"ListItem","position":1,"name":"Home","item":"https:\/\/www.vegaintro-projekti.com\/pilar-stari\/"},{"@type":"ListItem","position":2,"name":"Kontakt &#8211; stru\u010dno-administrativne slu\u017ebe i knji\u017enica"}]},{"@type":"WebSite","@id":"https:\/\/www.vegaintro-projekti.com\/pilar-stari\/#website","url":"https:\/\/www.vegaintro-projekti.com\/pilar-stari\/","name":"Institut dru&scaron;tvenih znanosti Ivo Pilar","description":"Pilar","potentialAction":[{"@type":"SearchAction","target":{"@type":"EntryPoint","urlTemplate":"https:\/\/www.vegaintro-projekti.com\/pilar-stari\/?s={search_term_string}"},"query-input":"required name=search_term_string"}],"inLanguage":"hr"}]}},"_links":{"self":[{"href":"https:\/\/www.vegaintro-projekti.com\/pilar-stari\/wp-json\/wp\/v2\/pages\/3788"}],"collection":[{"href":"https:\/\/www.vegaintro-projekti.com\/pilar-stari\/wp-json\/wp\/v2\/pages"}],"about":[{"href":"https:\/\/www.vegaintro-projekti.com\/pilar-stari\/wp-json\/wp\/v2\/types\/page"}],"author":[{"embeddable":true,"href":"https:\/\/www.vegaintro-projekti.com\/pilar-stari\/wp-json\/wp\/v2\/users\/1"}],"replies":[{"embeddable":true,"href":"https:\/\/www.vegaintro-projekti.com\/pilar-stari\/wp-json\/wp\/v2\/comments?post=3788"}],"version-history":[{"count":27,"href":"https:\/\/www.vegaintro-projekti.com\/pilar-stari\/wp-json\/wp\/v2\/pages\/3788\/revisions"}],"predecessor-version":[{"id":36001,"href":"https:\/\/www.vegaintro-projekti.com\/pilar-stari\/wp-json\/wp\/v2\/pages\/3788\/revisions\/36001"}],"wp:attachment":[{"href":"https:\/\/www.vegaintro-projekti.com\/pilar-stari\/wp-json\/wp\/v2\/media?parent=3788"}],"curies":[{"name":"wp","href":"https:\/\/api.w.org\/{rel}","templated":true}]}}